{"id":58,"date":"2023-03-17T14:55:43","date_gmt":"2023-03-17T14:55:43","guid":{"rendered":"https:\/\/www.hitopen.si\/?page_id=58"},"modified":"2026-02-02T11:19:13","modified_gmt":"2026-02-02T11:19:13","slug":"58-2","status":"publish","type":"page","link":"https:\/\/www.hitopen.si\/","title":{"rendered":"Hit open Nova Gorica"},"content":{"rendered":"\n<h2>\n\t\t30. Hit open 2026: 23. &#8211; 30.1.2026\n\t<\/h2>\n\t\t\t<a href=\"https:\/\/s3.chess-results.com\/tnr1314132.aspx?lan=1&#038;art=1&#038;rd=9&#038;turdet=YES&#038;flag=30&#038;SNode=S0\" target=\"_blank\" role=\"button\" rel=\"noopener\">\n\t\t\t\t\t\t\tA turnir \/ A tournament\n\t\t\t\t\t<\/a>\n\t\t\t<a href=\"https:\/\/s3.chess-results.com\/tnr1314193.aspx?lan=1&#038;art=1&#038;rd=9&#038;turdet=YES&#038;flag=30&#038;SNode=S0\" target=\"_blank\" role=\"button\" rel=\"noopener\">\n\t\t\t\t\t\t\tB turnir \/ B tournament\n\t\t\t\t\t<\/a>\n\t\t\t<a href=\"https:\/\/www.hitopen.si\/wp-content\/uploads\/2026\/01\/30.-Hit-open-2026.pdf\" target=\"_blank\" role=\"button\" rel=\"noopener\">\n\t\t\t\t\t\t\tRazpis \/ Tournament regulations\n\t\t\t\t\t<\/a>\n\t\t\t<a href=\"https:\/\/photos.app.goo.gl\/5xEdUUqaEMJetuxe8\" target=\"_blank\" role=\"button\" rel=\"noopener\">\n\t\t\t\t\t\t\tFotogalerija \/ Photo gallery\n\t\t\t\t\t<\/a>\n\t\t\t\t<img loading=\"lazy\" decoding=\"async\" src=\"https:\/\/www.hitopen.si\/wp-content\/uploads\/2026\/01\/Slika1.jpg\" alt=\"Slika1\" itemprop=\"image\" height=\"381\" width=\"605\" title=\"Slika1\" onerror=\"this.style.display='none'\"  \/>\n<h2>\n\t\t29. Hit open 2025: 24. &#8211; 31.1.2025\n\t<\/h2>\n\t\t\t<a href=\"https:\/\/chess-results.com\/tnr1076977.aspx?lan=1&#038;art=1&#038;rd=9&#038;turdet=YES&#038;flag=30\" target=\"_blank\" role=\"button\" rel=\"noopener\">\n\t\t\t\t\t\t\tA turnir \/ A tournament\n\t\t\t\t\t<\/a>\n\t\t\t<a href=\"https:\/\/chess-results.com\/tnr1076988.aspx?lan=1&#038;art=1&#038;rd=9&#038;turdet=YES&#038;flag=30\" target=\"_blank\" role=\"button\" rel=\"noopener\">\n\t\t\t\t\t\t\tB turnir \/ B tournament\n\t\t\t\t\t<\/a>\n\t\t\t<a href=\"https:\/\/lichess.org\/broadcast\/hit-open-2025\/round-9\/bQjiIT94#boards\" target=\"_blank\" role=\"button\" rel=\"noopener\">\n\t\t\t\t\t\t\tPartije v \u017eivo \/ Live games &#8211; Lichess\n\t\t\t\t\t<\/a>\n\t\t\t<a href=\"https:\/\/www.chess.com\/events\/2025-hit-open?fbclid=IwY2xjawIF7ohleHRuA2FlbQIxMAABHdSpH5UsL52UOoqh3F7M_0PIIPr8JzIoaWEBp1diGthoXU_hiEBNlu6Esg_aem_9kRGnWfXBzXLKem5wKDbIw\" target=\"_blank\" role=\"button\" rel=\"noopener\">\n\t\t\t\t\t\t\tPartije v \u017eivo \/ Live games &#8211; Chess.com\n\t\t\t\t\t<\/a>\n\t\t\t<a href=\"https:\/\/www.hitopen.si\/wp-content\/uploads\/2024\/12\/29.-Hit-open-2025-2.pdf\" target=\"_blank\" role=\"button\" rel=\"noopener\">\n\t\t\t\t\t\t\tRazpis \/ Tournament regulations\n\t\t\t\t\t<\/a>\n\t\t\t<a href=\"https:\/\/photos.google.com\/share\/AF1QipMg2MNBJqpxHHzKOgnJVGPmHkpaNU5Ui6omuTrcKIv-sYbHpiMj43pYBbO3rfSysQ?pli=1&#038;key=UG9BUlV3c1lUU3E5NmU2TDBKZnlsNWpON0pWNE9R&#038;fbclid=IwY2xjawIF7rJleHRuA2FlbQIxMAABHfAUPB2xNHCJcH2JeNYcc81O3RE7q4wtFIyORnbxMecArtjOz1E5RTd0Fg_aem_7UZQOZW6eAdnAsHOwi2Psg\" target=\"_blank\" role=\"button\" rel=\"noopener\">\n\t\t\t\t\t\t\tFotogalerija \/ Photo gallery\n\t\t\t\t\t<\/a>\n\t\t\t\t<img loading=\"lazy\" decoding=\"async\" src=\"https:\/\/www.hitopen.si\/wp-content\/uploads\/2025\/01\/Screenshot_20250131_121354_Samsung-Notes.jpg\" alt=\"Screenshot_20250131_121354_Samsung Notes\" itemprop=\"image\" height=\"1291\" width=\"1000\" title=\"Screenshot_20250131_121354_Samsung Notes\" onerror=\"this.style.display='none'\"  \/>\n<h2>\n\t\t28. Hit open 2024: 26.1. &#8211; 2.2.2024\n\t<\/h2>\n\t\t\t<a href=\"https:\/\/chess-results.com\/tnr858970.aspx?lan=1&#038;art=1&#038;rd=9&#038;turdet=YES&#038;flag=30\" target=\"_blank\" role=\"button\" rel=\"noopener\">\n\t\t\t\t\t\t\tA turnir \/ A tournament\n\t\t\t\t\t<\/a>\n\t\t\t<a href=\"https:\/\/chess-results.com\/tnr858983.aspx?lan=1&#038;art=1&#038;rd=9&#038;turdet=YES&#038;flag=30\" target=\"_blank\" role=\"button\" rel=\"noopener\">\n\t\t\t\t\t\t\tB turnir \/ B tournament\n\t\t\t\t\t<\/a>\n\t\t\t<a href=\"https:\/\/lichess.org\/broadcast\/hit-open-2024\/round-1\/jUtR4PTj\" target=\"_blank\" role=\"button\" rel=\"noopener\">\n\t\t\t\t\t\t\tPartije v \u017eivo \/ Live games &#8211; Lichess\n\t\t\t\t\t<\/a>\n\t\t\t<a href=\"https:\/\/www.chess.com\/events\/2024-hit-open\" target=\"_blank\" role=\"button\" rel=\"noopener\">\n\t\t\t\t\t\t\tPartije v \u017eivo \/ Live games &#8211; Chess.com\n\t\t\t\t\t<\/a>\n\t\t\t<a href=\"https:\/\/live.chessbase.com\/en\/Replay?id=28th-Hit-Open-A-2024\" target=\"_blank\" role=\"button\" rel=\"noopener\">\n\t\t\t\t\t\t\tPartije v \u017eivo \/ Live games &#8211; Chessbase.com\n\t\t\t\t\t<\/a>\n\t\t\t<a href=\"https:\/\/www.hitopen.si\/wp-content\/uploads\/2024\/02\/MN.pdf\" target=\"_blank\" role=\"button\" rel=\"noopener\">\n\t\t\t\t\t\t\tIntervju z evropskim poslancem Matja\u017eem Nemcem\n\t\t\t\t\t<\/a>\n\t\t\t<a href=\"https:\/\/www.hitopen.si\/wp-content\/uploads\/2024\/01\/28.-Hit-open-2024-7.pdf\" target=\"_blank\" role=\"button\" rel=\"noopener\">\n\t\t\t\t\t\t\tRazpis \/ Tournament regulations\n\t\t\t\t\t<\/a>\n\t\t\t<a href=\"https:\/\/photos.app.goo.gl\/44a1SyW1YULN6hWa8\" target=\"_blank\" role=\"button\" rel=\"noopener\">\n\t\t\t\t\t\t\tFotogalerija \/ Photo gallery\n\t\t\t\t\t<\/a>\n\t\t\t\t<img loading=\"lazy\" decoding=\"async\" src=\"https:\/\/www.hitopen.si\/wp-content\/uploads\/2024\/01\/FB_IMG_1706382317551.jpg\" alt=\"FB_IMG_1706382317551\" itemprop=\"image\" height=\"1428\" width=\"1010\" title=\"FB_IMG_1706382317551\" onerror=\"this.style.display='none'\"  \/>\n<h2>\n\t\t27. Hit open 2023\n\t<\/h2>\n\t<p>Turnir je potekal od 16. 3. do 23. 3. 2023 v Novi Gorici.<\/p>\n<p>The tournament took place from 16th to 23rd March 2023 in Nova Gorica (Slovenia).<\/p>\n\t\t\t\t<img loading=\"lazy\" decoding=\"async\" src=\"https:\/\/www.hitopen.si\/wp-content\/uploads\/2023\/03\/Logo-2.png\" alt=\"Logo-2\" itemprop=\"image\" height=\"434\" width=\"274\" title=\"Logo-2\" onerror=\"this.style.display='none'\"  \/>\n<h2>\n\t\tFotogalerija \/ Photo gallery\n\t<\/h2>\n\t<p>Povezava do galerije \/ link to the photo gallery: <a href=\"https:\/\/photos.app.goo.gl\/vZMtfQGk3E6tQDEP8\">https:\/\/photos.app.goo.gl\/vZMtfQGk3E6tQDEP8<\/a><\/p>\n<h2>\n\t\tFoto utrinki \/ Photo snapshots\n\t<\/h2>\n\t\t\t\t<img loading=\"lazy\" decoding=\"async\" src=\"https:\/\/www.hitopen.si\/wp-content\/uploads\/2023\/03\/336680019_826584358831880_2369315555423386898_n.jpg\" alt=\"336680019_826584358831880_2369315555423386898_n\" itemprop=\"image\" height=\"2048\" width=\"1536\" title=\"336680019_826584358831880_2369315555423386898_n\" onerror=\"this.style.display='none'\"  \/>\n\t<p><strong>Leon Luke Medonca<\/strong><\/p>\n<p>1. nosilec po ratingu \/ 1st player according to ELO rating<\/p>\n\t\t\t\t<img loading=\"lazy\" decoding=\"async\" src=\"https:\/\/www.hitopen.si\/wp-content\/uploads\/2023\/03\/336662805_180567484727860_8364529496973158432_n.jpg\" alt=\"336662805_180567484727860_8364529496973158432_n\" itemprop=\"image\" height=\"2048\" width=\"1536\" title=\"336662805_180567484727860_8364529496973158432_n\" onerror=\"this.style.display='none'\"  \/>\n\t<p><strong>Veliki \u0161ah \/ Big chess set<\/strong><\/p>\n<p>Takoj po vstopu v Perlo vas \u017ee pri\u010dakuje veliki \u0161ah. \/ A big chess set waits you at the entrance of Hotel Perla.<\/p>\n\t\t\t\t<img loading=\"lazy\" decoding=\"async\" src=\"https:\/\/www.hitopen.si\/wp-content\/uploads\/2023\/03\/336640351_137056942633899_1273286595209438179_n.jpg\" alt=\"336640351_137056942633899_1273286595209438179_n\" itemprop=\"image\" height=\"2048\" width=\"1536\" title=\"336640351_137056942633899_1273286595209438179_n\" onerror=\"this.style.display='none'\"  \/>\n\t<p><strong>\u0160ahovska tortica \/ Chess cake<\/strong><\/p>\n<p>V sla\u0161\u010di\u010darni Dolce Vita se lahko posladkate s pravo \u0161ahovsko tortico. \/ You can try a special chess cake in Caffe Dolce Vita.<\/p>\n\t\t\t\t<img loading=\"lazy\" decoding=\"async\" src=\"https:\/\/www.hitopen.si\/wp-content\/uploads\/2023\/03\/336678692_733024375205337_9020174569594015238_n.jpg\" alt=\"336678692_733024375205337_9020174569594015238_n\" itemprop=\"image\" height=\"2048\" width=\"1536\" title=\"336678692_733024375205337_9020174569594015238_n\" onerror=\"this.style.display='none'\"  \/>\n\t<p><strong>Salonit Anhovo<\/strong><\/p>\n<p>Prav poseben \u0161ah iz betona \/ a very special concrete chess set<\/p>\n\t\t\t\t<img loading=\"lazy\" decoding=\"async\" src=\"https:\/\/www.hitopen.si\/wp-content\/uploads\/2023\/03\/335858381_209752264974302_6679878882440256125_n.jpg\" alt=\"335858381_209752264974302_6679878882440256125_n\" itemprop=\"image\" height=\"960\" width=\"720\" title=\"335858381_209752264974302_6679878882440256125_n\" onerror=\"this.style.display='none'\"  \/>\n\t<p><strong>Jan \u0160ubelj<\/strong><\/p>\n<p>Novi slovenski velemojster s svojima star\u0161ema \/ new Slovenian grandmaster with his parents<\/p>\n\t\t\t\t<img loading=\"lazy\" decoding=\"async\" src=\"https:\/\/www.hitopen.si\/wp-content\/uploads\/2023\/03\/336679853_1152231875459812_2646151362064989593_n.jpg\" alt=\"336679853_1152231875459812_2646151362064989593_n\" itemprop=\"image\" height=\"1536\" width=\"2048\" title=\"336679853_1152231875459812_2646151362064989593_n\" onerror=\"this.style.display='none'\"  \/>\n\t<p><strong>Igralna dvorana \/ Playing hall<\/strong><\/p>\n<p>Tik pred za\u010detkom igralna dvorana pri\u010dakuje prve \u0161ahovske goste. \/ The playing hall waits first guests.<\/p>\n\t\n<h1>Generalni sponzor<\/h1>\n\t\t\t\t<img loading=\"lazy\" decoding=\"async\" src=\"https:\/\/www.hitopen.si\/wp-content\/uploads\/2023\/03\/HIT-logo.png\" alt=\"HIT-logo\" itemprop=\"image\" height=\"285\" width=\"792\" title=\"HIT-logo\" onerror=\"this.style.display='none'\"  \/>\n\t<h2>Sponzorji in donatorji<\/h2>\n\t\t\t\t<img loading=\"lazy\" decoding=\"async\" src=\"https:\/\/www.hitopen.si\/wp-content\/uploads\/2023\/03\/Logotip-MC-Nova-Gorica_Primarni_RGB.jpg\" alt=\"Logotip MC Nova Gorica_Primarni_RGB.eps\" itemprop=\"image\" height=\"1417\" width=\"1417\" title=\"Logotip MC Nova Gorica_Primarni_RGB.eps\" onerror=\"this.style.display='none'\"  \/>\n\t\t\t\t<img loading=\"lazy\" decoding=\"async\" src=\"https:\/\/www.hitopen.si\/wp-content\/uploads\/2023\/03\/borotalco.png\" alt=\"borotalco\" itemprop=\"image\" height=\"746\" width=\"3272\" title=\"borotalco\" onerror=\"this.style.display='none'\"  \/>\n\t\t\t\t<img loading=\"lazy\" decoding=\"async\" src=\"https:\/\/www.hitopen.si\/wp-content\/uploads\/2023\/03\/inmedia.png\" alt=\"inmedia\" itemprop=\"image\" height=\"131\" width=\"386\" title=\"inmedia\" onerror=\"this.style.display='none'\"  \/>\n\t\t\t\t<img loading=\"lazy\" decoding=\"async\" src=\"https:\/\/www.hitopen.si\/wp-content\/uploads\/2023\/03\/Zavarovalnica_Triglav_Logo.svg.png\" alt=\"Zavarovalnica_Triglav_Logo.svg\" itemprop=\"image\" height=\"226\" width=\"716\" title=\"Zavarovalnica_Triglav_Logo.svg\" onerror=\"this.style.display='none'\"  \/>\n\t\t\t\t<img loading=\"lazy\" decoding=\"async\" src=\"https:\/\/www.hitopen.si\/wp-content\/uploads\/2023\/03\/meblojogi_moder.jpg\" alt=\"meblojogi_moder\" itemprop=\"image\" height=\"185\" width=\"423\" title=\"meblojogi_moder\" onerror=\"this.style.display='none'\"  \/>\n\t\t\t\t<img loading=\"lazy\" decoding=\"async\" src=\"https:\/\/www.hitopen.si\/wp-content\/uploads\/2023\/03\/RIO-MARE-LOGO_No-writing.png\" alt=\"RIO MARE LOGO_No writing\" itemprop=\"image\" height=\"587\" width=\"1281\" title=\"RIO MARE LOGO_No writing\" onerror=\"this.style.display='none'\"  \/>\n\t\t\t\t<img loading=\"lazy\" decoding=\"async\" src=\"https:\/\/www.hitopen.si\/wp-content\/uploads\/2023\/03\/zveza_web_logo.jpg\" alt=\"zveza_web_logo\" itemprop=\"image\" height=\"90\" width=\"390\" title=\"zveza_web_logo\" onerror=\"this.style.display='none'\"  \/>\n\t\t\t\t<img loading=\"lazy\" decoding=\"async\" src=\"https:\/\/www.hitopen.si\/wp-content\/uploads\/2023\/03\/zvezda-1.jpg\" alt=\"zvezda-1\" itemprop=\"image\" height=\"423\" width=\"1606\" title=\"zvezda-1\" onerror=\"this.style.display='none'\"  \/>\n\t\t\t\t<img loading=\"lazy\" decoding=\"async\" src=\"https:\/\/www.hitopen.si\/wp-content\/uploads\/2023\/03\/seng.jpg\" alt=\"seng\" itemprop=\"image\" height=\"139\" width=\"300\" title=\"seng\" onerror=\"this.style.display='none'\"  \/>\n\t\t\t\t<img loading=\"lazy\" decoding=\"async\" src=\"https:\/\/www.hitopen.si\/wp-content\/uploads\/2023\/03\/salonit-800x533-1.jpg\" alt=\"salonit-800x533\" itemprop=\"image\" height=\"533\" width=\"800\" title=\"salonit-800x533\" onerror=\"this.style.display='none'\"  \/>\n\t\t\t\t<img loading=\"lazy\" decoding=\"async\" src=\"https:\/\/www.hitopen.si\/wp-content\/uploads\/2023\/03\/Fidelogo.svg-300x201.png\" alt=\"Fidelogo.svg\" itemprop=\"image\" height=\"201\" width=\"300\" title=\"Fidelogo.svg\" onerror=\"this.style.display='none'\"  \/>\n<h2>\n\t\tFIDE open Air Project\n\t<\/h2>\n\t<p>The tournament is financially supported by FIDE Open Air Project.<\/p>\n<p>Link: <a href=\"https:\/\/www.fide.com\/news\/2109\">https:\/\/www.fide.com\/news\/2109<\/a><\/p>\n<p>&nbsp;<\/p>\n<h2>\n\t\tObjave v medijih \/ Publications in media\n\t<\/h2>\n\t<p>O tekmovanju pi\u0161ejo tudi razli\u010dni mediji. Poglejte si vse objave.<\/p>\n\t\t\t<a href=\"https:\/\/www.hitopen.si\/?page_id=89\" target=\"_blank\" role=\"button\" rel=\"noopener\">\n\t\t\t\t\t\t\tVse objave\n\t\t\t<\/a>\n\t\t\t\t<img loading=\"lazy\" decoding=\"async\" src=\"https:\/\/www.hitopen.si\/wp-content\/uploads\/2023\/03\/Primorske-novice-218x300.jpg\" alt=\"Primorske novice\" itemprop=\"image\" height=\"300\" width=\"218\" title=\"Primorske novice\" onerror=\"this.style.display='none'\"  \/>\n<h3>\n\t\tArhiv\n\t<\/h3>\n\t<iframe src=\"https:\/\/www.google.com\/maps\/embed?pb=!1m18!1m12!1m3!1d2773.6107583093462!2d13.647240415267945!3d45.95905950830784!2m3!1f0!2f0!3f0!3m2!1i1024!2i768!4f13.1!3m3!1m2!1s0x477b01018b38d989%3A0xd2e24ad35063a0c2!2sPerla%2C%20Resort%20%26%20Entertainment!5e0!3m2!1ssl!2ssi!4v1679064822465!5m2!1ssl!2ssi\" width=\"600\" height=\"450\" allowfullscreen=\"\" loading=\"lazy\" referrerpolicy=\"no-referrer-when-downgrade\"><\/iframe>\n<h2>\n\t\tKontakt\n\t<\/h2>\n\t<strong>Matja\u017e Lovi\u0161\u010dek, direktor turnirja<br \/>\n<\/strong>\n<p>E-mail: hit.open@yahoo.com<\/p>\n<p>Telefon: +386 51 308 853<\/p>\n<h2>\n\t\tLokacija\n\t<\/h2>\n\t<strong>Perla, Resort &amp; Entartainment<br \/>\n<\/strong>\n<p>Kidri\u010deva ulica 7<\/p>\n<p>5000 Nova Gorica<\/p>\n\t\t\t<a href=\"https:\/\/goo.gl\/maps\/H1Awv8AykTGgbR1N6\" target=\"_self\" role=\"button\">\n\t\t\t\t\t\t\tGoogle Map directions\n\t\t\t<\/a>\n\n","protected":false},"excerpt":{"rendered":"<p>30. Hit open 2026: 23. &#8211; 30.1.2026 A turnir \/ A tournament B turnir \/ B tournament Razpis \/ Tournament regulations Fotogalerija \/ Photo gallery 29. Hit open 2025: 24. &#8211; 31.1.2025 A turnir \/ A tournament B turnir \/ B tournament Partije v \u017eivo \/ Live games &#8211; Lichess Partije v \u017eivo \/ Live &hellip;<\/p>\n<p class=\"read-more\"> <a class=\"\" href=\"https:\/\/www.hitopen.si\/\"> <span class=\"screen-reader-text\">Hit open Nova Gorica<\/span> Read More &raquo;<\/a><\/p>\n","protected":false},"author":1,"featured_media":0,"parent":0,"menu_order":0,"comment_status":"closed","ping_status":"closed","template":"","meta":{"_uag_custom_page_level_css":"","site-sidebar-layout":"default","site-content-layout":"default","ast-global-header-display":"","ast-main-header-display":"","ast-hfb-above-header-display":"","ast-hfb-below-header-display":"","ast-hfb-mobile-header-display":"","site-post-title":"","ast-breadcrumbs-content":"","ast-featured-img":"","footer-sml-layout":"","theme-transparent-header-meta":"","adv-header-id-meta":"","stick-header-meta":"","header-above-stick-meta":"","header-main-stick-meta":"","header-below-stick-meta":"","footnotes":""},"class_list":["post-58","page","type-page","status-publish","hentry"],"uagb_featured_image_src":{"full":false,"thumbnail":false,"medium":false,"medium_large":false,"large":false,"1536x1536":false,"2048x2048":false},"uagb_author_info":{"display_name":"admin","author_link":"https:\/\/www.hitopen.si\/?author=1"},"uagb_comment_info":0,"uagb_excerpt":"30. Hit open 2026: 23. &#8211; 30.1.2026 A turnir \/ A tournament B turnir \/ B tournament Razpis \/ Tournament regulations Fotogalerija \/ Photo gallery 29. Hit open 2025: 24. &#8211; 31.1.2025 A turnir \/ A tournament B turnir \/ B tournament Partije v \u017eivo \/ Live games &#8211; Lichess Partije v \u017eivo \/ Live&hellip;","_links":{"self":[{"href":"https:\/\/www.hitopen.si\/index.php?rest_route=\/wp\/v2\/pages\/58","targetHints":{"allow":["GET"]}}],"collection":[{"href":"https:\/\/www.hitopen.si\/index.php?rest_route=\/wp\/v2\/pages"}],"about":[{"href":"https:\/\/www.hitopen.si\/index.php?rest_route=\/wp\/v2\/types\/page"}],"author":[{"embeddable":true,"href":"https:\/\/www.hitopen.si\/index.php?rest_route=\/wp\/v2\/users\/1"}],"replies":[{"embeddable":true,"href":"https:\/\/www.hitopen.si\/index.php?rest_route=%2Fwp%2Fv2%2Fcomments&post=58"}],"version-history":[{"count":98,"href":"https:\/\/www.hitopen.si\/index.php?rest_route=\/wp\/v2\/pages\/58\/revisions"}],"predecessor-version":[{"id":247,"href":"https:\/\/www.hitopen.si\/index.php?rest_route=\/wp\/v2\/pages\/58\/revisions\/247"}],"wp:attachment":[{"href":"https:\/\/www.hitopen.si\/index.php?rest_route=%2Fwp%2Fv2%2Fmedia&parent=58"}],"curies":[{"name":"wp","href":"https:\/\/api.w.org\/{rel}","templated":true}]}}